{"id":3,"date":"2007-02-18T16:22:40","date_gmt":"2007-02-18T15:22:40","guid":{"rendered":"http:\/\/www.adelsvapen.com\/bestall-svensk-wapencd\/"},"modified":"2015-11-04T13:22:15","modified_gmt":"2015-11-04T12:22:15","slug":"order","status":"publish","type":"page","link":"https:\/\/www.adelsvapen.com\/","title":{"rendered":"Best\u00e4ll Svensk Wapencd"},"content":{"rendered":"<p><img loading=\"lazy\" decoding=\"async\" src=\"\/wp-content\/uploads\/2007\/02\/svensk-cover-reklam-200.jpg\" alt=\"Svensk WapenCD\" width=\"200\" height=\"183\" class=\"alignright\" \/>Svensk WapenCD \u00e4r skapad efter f\u00f6rlaga av A.W. Stjernstedt&#8217;s och C.A. Klingspor&#8217;s 1800-tals verk i fem band. Dessa 5 band \u00e4r anpassade f\u00f6r digitalt media av Jonas Hjelm och Olle E. Johansson.<\/p>\n<p><a href=\"\/genealogi\/Stiernstedt_nr_145#TAB_6\">A.W. Stjernstedt<\/a> (1812-1880) var upphovsman till bandet med de grevliga och friherrliga vapensk\u00f6ldarna och <a href=\"\/genealogi\/Klingspor_nr_195#TAB_17\">C.A. Klingspor<\/a> (1829-1903) var upphovsman till de fyra banden med adelsm\u00e4nnens vapensk\u00f6ldar.<\/p>\n<p>Ta g\u00e4rna en titt p\u00e5 det alfabetiska <a href=\"\/demo\/index_1.htm\">inneh\u00e5llsregistret<\/a> av de 2885 vapensk\u00f6ldarna varav 2339 adelsm\u00e4n, 404 friherrliga och 142 grevliga.<\/p>\n<p>Vi har \u00e4ven ett par smakprov ur de olika banden, den grevliga \u00e4tten 1. <a href=\"\/demo\/G_001.htm\">Brahe<\/a>, den friherrliga \u00e4tten 1. <a href=\"\/demo\/F_001.htm\">Oxenstierna<\/a> och den adliga \u00e4tten 1. <a href=\"\/demo\/A_0001.htm\">Liljeh\u00f6k af F\u00e5rdala<\/a>. Samt <a href=\"\/demo\/skarmbild.html\">sk\u00e4rmbilder fr\u00e5n CD skivan<\/a> och ett par exempel p\u00e5 hur dessa <a href=\"\/demo\/familje-diagram.html\">vapensk\u00f6ldar kan anv\u00e4ndas i antavlor<\/a> med de miniatyrer av vapensk\u00f6ldarna som bifogas p\u00e5 CD-skivan.<\/p>\n<h3>K\u00f6p och ladda ner f\u00f6r direkt anv\u00e4ndning p\u00e5 datorn!<\/h3>\n<p>Ladda ner filerna och anv\u00e4nd dem lokalt p\u00e5 datorn f\u00f6r enbart 100kr.<br \/>\nKlicka p\u00e5 knappen nedan.<br \/>\n[purchase_link id=&#8221;62&#8243; text=&#8221;&#8221; style=&#8221;button&#8221; color=&#8221;blue&#8221;]<\/p>\n<h3>K\u00f6p CD-skiva som levereras med vanlig post<\/h3>\n<p> <strong>Best\u00e4ll \u201cSvensk Wapencd\u201d.<\/strong><br \/> Pris <font color=\"#FF0000\"><b>375 kr<\/b><\/font> <small>(inkl. moms och porto)<br \/>(vilket \u00e4ven var det pris som originalbanden kostade p\u00e5 1870-talet).<\/small> <br \/> Best\u00e4ll idag med kreditkort p\u00e5 PayPal! Klicka p\u00e5 knappen nedan.<\/p>\n<form method=\"post\" action=\"https:\/\/www.paypal.com\/cgi-bin\/webscr\">\n <input type=\"hidden\" name=\"cmd\" value=\"_xclick\" \/> <input type=\"hidden\" name=\"business\" value=\"payments@adelsvapen.com\" \/> <input type=\"hidden\" name=\"undefined_quantity\" value=\"1\" \/> <input type=\"hidden\" name=\"item_name\" value=\"Adelsvapen.com's Svensk Wapen-CD\" \/> <input type=\"hidden\" name=\"item_number\" value=\"wapen\" \/> <input type=\"hidden\" name=\"amount\" value=\"375.00\" \/> <input type=\"hidden\" name=\"image_url\" value=\"https:\/\/www.webway.se\/paypal\/paypal-adelsvapen.gif\" \/> <input type=\"hidden\" name=\"cn\" value=\"Special Instructions\" \/> <input type=\"hidden\" name=\"currency_code\" value=\"SEK\" \/> <input type=\"submit\" name=\"submit\" value=\"Ja, jag vill best\u00e4lla Svensk Wapencd\" \/><br \/>\n<\/form>\n<p><img loading=\"lazy\" decoding=\"async\" src=\"\/bilder\/logo_cards_150x26.gif\" width=\"150\" height=\"26\" alt=\"Vi tar emot alla kreditkort\" \/><\/p>\n","protected":false},"excerpt":{"rendered":"<p>Svensk WapenCD \u00e4r skapad efter f\u00f6rlaga av A.W. Stjernstedt&#8217;s och C.A. Klingspor&#8217;s 1800-tals verk i fem band. Dessa 5 band \u00e4r anpassade f\u00f6r digitalt media av Jonas Hjelm och Olle E. Johansson. A.W. Stjernstedt (1812-1880) var upphovsman till bandet med de grevliga och friherrliga vapensk\u00f6ldarna och C.A. Klingspor (1829-1903) var upphovsman till de fyra banden &hellip; <a href=\"https:\/\/www.adelsvapen.com\/\" class=\"more-link\">Continue reading <span class=\"screen-reader-text\">Best\u00e4ll Svensk Wapencd<\/span><\/a><\/p>\n","protected":false},"author":1,"featured_media":0,"parent":0,"menu_order":0,"comment_status":"closed","ping_status":"open","template":"","meta":{"footnotes":""},"class_list":["post-3","page","type-page","status-publish","hentry"],"_links":{"self":[{"href":"https:\/\/www.adelsvapen.com\/index.php?rest_route=\/wp\/v2\/pages\/3","targetHints":{"allow":["GET"]}}],"collection":[{"href":"https:\/\/www.adelsvapen.com\/index.php?rest_route=\/wp\/v2\/pages"}],"about":[{"href":"https:\/\/www.adelsvapen.com\/index.php?rest_route=\/wp\/v2\/types\/page"}],"author":[{"embeddable":true,"href":"https:\/\/www.adelsvapen.com\/index.php?rest_route=\/wp\/v2\/users\/1"}],"replies":[{"embeddable":true,"href":"https:\/\/www.adelsvapen.com\/index.php?rest_route=%2Fwp%2Fv2%2Fcomments&post=3"}],"version-history":[{"count":14,"href":"https:\/\/www.adelsvapen.com\/index.php?rest_route=\/wp\/v2\/pages\/3\/revisions"}],"predecessor-version":[{"id":63,"href":"https:\/\/www.adelsvapen.com\/index.php?rest_route=\/wp\/v2\/pages\/3\/revisions\/63"}],"wp:attachment":[{"href":"https:\/\/www.adelsvapen.com\/index.php?rest_route=%2Fwp%2Fv2%2Fmedia&parent=3"}],"curies":[{"name":"wp","href":"https:\/\/api.w.org\/{rel}","templated":true}]}}